{"id":996,"date":"2023-11-29T20:33:57","date_gmt":"2023-11-29T19:33:57","guid":{"rendered":"https:\/\/test.otourduvelo.fr\/?post_type=product&#038;p=996"},"modified":"2023-11-29T21:13:28","modified_gmt":"2023-11-29T20:13:28","slug":"motobecane","status":"publish","type":"product","link":"https:\/\/test.otourduvelo.fr\/?product=motobecane","title":{"rendered":"V\u00e9lo r\u00e9tro Motobecane"},"content":{"rendered":"<div>\n<h3>10<\/h3>\n<p>Vitesses<\/p>\n<\/div>\n<hr>\n<div>\n<p>Couleur : vert\u00a0<\/p>\n<\/div>\n<div>\n<p>Pour plus d&rsquo;informations n&rsquo;h\u00e9sitez pas \u00e0 nous contacter<\/p>\n<\/div>\n<p>\n    <a href=\"\/index.php?page_id=21\">Contactez-nous<\/a>\n<\/p>\n<div>\n<p>Prix recommand\u00e9<\/p>\n<\/div>\n<ul>\n<li>\n<p>        <img decoding=\"async\" src=\"\/wp-content\/uploads\/2023\/11\/velo_retro_motobecane_2.jpeg\" alt=\"\"><\/p>\n<\/li>\n<li>\n<p>        <img decoding=\"async\" src=\"\/wp-content\/uploads\/2023\/11\/velo_retro_motobecane_3.jpeg\" alt=\"\"><\/p>\n<\/li>\n<li>\n<p>        <img decoding=\"async\" src=\"\/wp-content\/uploads\/2023\/11\/velo_retro_motobecane_1.jpeg\" alt=\"v\u00e9lo retro Motobecane\"><\/p>\n<\/li>\n<li>\n<p>        <img decoding=\"async\" src=\"\/wp-content\/uploads\/2023\/11\/velo_retro_motobecane_5.jpeg\" alt=\"\"><\/p>\n<\/li>\n<li>\n<p>        <img decoding=\"async\" src=\"\/wp-content\/uploads\/2023\/11\/velo_retro_motobecane_4.jpeg\" alt=\"\"><\/p>\n<\/li>\n<\/ul>\n<p><!--more--><br \/>\n<!-- {\"type\":\"layout\",\"children\":[{\"type\":\"section\",\"props\":{\"image_position\":\"center-center\",\"style\":\"default\",\"title_breakpoint\":\"xl\",\"title_position\":\"top-left\",\"title_rotation\":\"left\",\"vertical_align\":\"middle\",\"width\":\"default\"},\"children\":[{\"type\":\"row\",\"props\":{\"layout\":\"1-2,1-2\"},\"children\":[{\"type\":\"column\",\"props\":{\"image_position\":\"center-center\",\"media_overlay_gradient\":\"\",\"position_sticky_breakpoint\":\"m\",\"width_medium\":\"1-2\"},\"children\":[{\"type\":\"headline\",\"props\":{\"margin\":\"medium\",\"title_decoration\":\"bullet\",\"title_element\":\"h1\"},\"source\":{\"query\":{\"name\":\"products.singleProduct\"},\"props\":{\"content\":{\"filters\":{\"search\":\"\"},\"name\":\"title\"}}}},{\"type\":\"grid\",\"props\":{\"content_column_breakpoint\":\"m\",\"filter_align\":\"left\",\"filter_all\":true,\"filter_grid_breakpoint\":\"m\",\"filter_grid_width\":\"auto\",\"filter_position\":\"top\",\"filter_style\":\"tab\",\"grid_default\":\"3\",\"grid_medium\":\"3\",\"grid_row_gap\":\"small\",\"icon_width\":80,\"image_align\":\"top\",\"image_grid_breakpoint\":\"m\",\"image_grid_width\":\"1-2\",\"image_svg_color\":\"emphasis\",\"item_animation\":true,\"link_style\":\"default\",\"link_text\":\"Read more\",\"margin\":\"default\",\"meta_align\":\"below-title\",\"meta_element\":\"div\",\"meta_style\":\"text-meta\",\"show_content\":true,\"show_image\":true,\"show_link\":true,\"show_meta\":true,\"show_title\":true,\"title_align\":\"top\",\"title_element\":\"h3\",\"title_grid_breakpoint\":\"m\",\"title_grid_width\":\"1-2\",\"title_hover_style\":\"reset\"},\"children\":[{\"type\":\"grid_item\",\"props\":{\"meta\":\"Vitesses\",\"title\":\"10\"}}]},{\"type\":\"divider\",\"props\":{\"divider_element\":\"hr\"}},{\"type\":\"text\",\"props\":{\"column_breakpoint\":\"m\",\"content\":\"\n\n<p>Couleur : vert\\u00a0<\\\/p>\",\"margin\":\"default\"}}]},{\"type\":\"column\",\"props\":{\"image_loading\":true,\"image_position\":\"center-center\",\"image_size\":\"cover\",\"media_overlay_gradient\":\"\",\"padding\":\"xlarge\",\"position_sticky_breakpoint\":\"m\",\"width_medium\":\"1-2\"},\"children\":[],\"source\":{\"query\":{\"name\":\"products.singleProduct\"},\"props\":{\"image\":{\"filters\":{\"search\":\"\"},\"name\":\"featuredImage.url\"}}}}]},{\"type\":\"row\",\"props\":{\"layout\":\"1-2,1-2\",\"margin_remove_top\":true},\"children\":[{\"type\":\"column\",\"props\":{\"image_position\":\"center-center\",\"media_overlay_gradient\":\"\",\"order_first\":\"m\",\"position_sticky_breakpoint\":\"m\",\"vertical_align\":\"middle\",\"width_medium\":\"1-2\"},\"children\":[{\"type\":\"text\",\"props\":{\"column_breakpoint\":\"m\",\"content\":\"\n\n<p>Pour plus d'informations n'h\\u00e9sitez pas \\u00e0 nous contacter<\\\/p>\",\"margin\":\"default\",\"text_align\":\"center\",\"text_style\":\"lead\"}},{\"type\":\"button\",\"props\":{\"fullwidth\":false,\"grid_column_gap\":\"small\",\"grid_row_gap\":\"small\",\"margin\":\"default\",\"text_align\":\"center\"},\"children\":[{\"type\":\"button_item\",\"props\":{\"button_style\":\"secondary\",\"content\":\"Contactez-nous\",\"icon_align\":\"left\",\"link\":\"index.php?page_id=21\"}}]}]},{\"type\":\"column\",\"props\":{\"image_position\":\"center-center\",\"media_overlay_gradient\":\"\",\"order_first\":\"xs\",\"padding\":\"small\",\"position_sticky_breakpoint\":\"m\",\"style\":\"secondary\",\"width_medium\":\"1-2\"},\"children\":[{\"type\":\"panel\",\"props\":{\"content_column_breakpoint\":\"m\",\"icon_width\":80,\"image_align\":\"top\",\"image_grid_breakpoint\":\"m\",\"image_grid_width\":\"1-2\",\"image_svg_color\":\"emphasis\",\"link_style\":\"default\",\"link_text\":\"Read more\",\"margin\":\"remove-vertical\",\"meta\":\"Prix recommand\\u00e9\",\"meta_align\":\"above-title\",\"meta_element\":\"div\",\"meta_style\":\"text-lead\",\"text_align\":\"center\",\"title_align\":\"top\",\"title_element\":\"h3\",\"title_grid_breakpoint\":\"m\",\"title_grid_width\":\"1-2\",\"title_hover_style\":\"reset\",\"title_style\":\"h4\"},\"source\":{\"query\":{\"name\":\"products.singleProduct\"},\"props\":{\"title\":{\"filters\":{\"search\":\"\"},\"name\":\"woocommerce.price\"}}}}]}]},{\"type\":\"row\",\"children\":[{\"type\":\"column\",\"props\":{\"image_position\":\"center-center\",\"media_overlay_gradient\":\"\",\"position_sticky_breakpoint\":\"m\"},\"children\":[{\"type\":\"panel-slider\",\"props\":{\"content_column_breakpoint\":\"m\",\"icon_width\":80,\"image_align\":\"between\",\"image_grid_breakpoint\":\"m\",\"image_grid_width\":\"1-2\",\"image_loading\":true,\"image_svg_color\":\"emphasis\",\"link_style\":\"default\",\"link_text\":\"Read more\",\"margin\":\"default\",\"meta_align\":\"below-title\",\"meta_element\":\"div\",\"meta_style\":\"text-meta\",\"nav\":\"dotnav\",\"nav_align\":\"center\",\"nav_breakpoint\":\"s\",\"panel_card_match\":true,\"show_content\":false,\"show_image\":true,\"show_link\":false,\"show_meta\":false,\"show_title\":false,\"slidenav\":\"outside\",\"slidenav_breakpoint\":\"xl\",\"slidenav_margin\":\"medium\",\"slidenav_outside_breakpoint\":\"xl\",\"slider_autoplay\":true,\"slider_autoplay_pause\":true,\"slider_center\":false,\"slider_gap\":\"small\",\"slider_velocity\":\"0.5\",\"slider_width\":\"fixed\",\"slider_width_default\":\"1-1\",\"slider_width_medium\":\"1-3\",\"text_align\":\"center\",\"title_align\":\"top\",\"title_element\":\"h3\",\"title_grid_breakpoint\":\"m\",\"title_grid_width\":\"1-2\",\"title_hover_style\":\"reset\"},\"children\":[{\"type\":\"panel-slider_item\",\"props\":{\"image\":\"wp-content\\\/uploads\\\/2023\\\/11\\\/velo_retro_motobecane_2.jpeg\",\"title\":\"\"}},{\"type\":\"panel-slider_item\",\"props\":{\"image\":\"wp-content\\\/uploads\\\/2023\\\/11\\\/velo_retro_motobecane_3.jpeg\",\"title\":\"\"}},{\"type\":\"panel-slider_item\",\"props\":{\"image\":\"wp-content\\\/uploads\\\/2023\\\/11\\\/velo_retro_motobecane_1.jpeg\",\"image_alt\":\"v\\u00e9lo retro Motobecane\",\"title\":\"\"}},{\"type\":\"panel-slider_item\",\"props\":{\"image\":\"wp-content\\\/uploads\\\/2023\\\/11\\\/velo_retro_motobecane_5.jpeg\",\"title\":\"\"}},{\"type\":\"panel-slider_item\",\"props\":{\"image\":\"wp-content\\\/uploads\\\/2023\\\/11\\\/velo_retro_motobecane_4.jpeg\",\"title\":\"\"}}]}]}],\"props\":{\"margin_remove_top\":false}}],\"name\":\"produit-velo\"}],\"version\":\"3.0.27\"} --><\/p>\n","protected":false},"excerpt":{"rendered":"<p>10 Vitesses Couleur : vert\u00a0 Pour plus d&rsquo;informations n&rsquo;h\u00e9sitez pas \u00e0 nous contacter Contactez-nous Prix recommand\u00e9<\/p>\n","protected":false},"featured_media":999,"comment_status":"open","ping_status":"closed","template":"","meta":[],"product_cat":[17],"product_tag":[],"yoast_head":"<!-- This site is optimized with the Yoast SEO plugin v24.5 - https:\/\/yoast.com\/wordpress\/plugins\/seo\/ -->\n<title>V\u00e9lo r\u00e9tro Motobecane - O Tour du V\u00e9lo<\/title>\n<meta name=\"robots\" content=\"index, follow, max-snippet:-1, max-image-preview:large, max-video-preview:-1\" \/>\n<link rel=\"canonical\" href=\"https:\/\/test.otourduvelo.fr\/?product=motobecane\" \/>\n<meta property=\"og:locale\" content=\"fr_FR\" \/>\n<meta property=\"og:type\" content=\"article\" \/>\n<meta property=\"og:title\" content=\"V\u00e9lo r\u00e9tro Motobecane - O Tour du V\u00e9lo\" \/>\n<meta property=\"og:description\" content=\"10 Vitesses Couleur : vert\u00a0 Pour plus d&rsquo;informations n&rsquo;h\u00e9sitez pas \u00e0 nous contacter Contactez-nous Prix recommand\u00e9\" \/>\n<meta property=\"og:url\" content=\"https:\/\/test.otourduvelo.fr\/?product=motobecane\" \/>\n<meta property=\"og:site_name\" content=\"O Tour du V\u00e9lo\" \/>\n<meta property=\"article:publisher\" content=\"https:\/\/www.facebook.com\/profile.php?id=100089765813667\" \/>\n<meta property=\"article:modified_time\" content=\"2023-11-29T20:13:28+00:00\" \/>\n<meta property=\"og:image\" content=\"https:\/\/test.otourduvelo.fr\/wp-content\/uploads\/2023\/11\/velo_retro_motobecane_1.jpeg\" \/>\n\t<meta property=\"og:image:width\" content=\"320\" \/>\n\t<meta property=\"og:image:height\" content=\"240\" \/>\n\t<meta property=\"og:image:type\" content=\"image\/jpeg\" \/>\n<meta name=\"twitter:card\" content=\"summary_large_image\" \/>\n<meta name=\"twitter:label1\" content=\"Dur\u00e9e de lecture estim\u00e9e\" \/>\n\t<meta name=\"twitter:data1\" content=\"2 minutes\" \/>\n<script type=\"application\/ld+json\" class=\"yoast-schema-graph\">{\"@context\":\"https:\/\/schema.org\",\"@graph\":[{\"@type\":\"WebPage\",\"@id\":\"https:\/\/test.otourduvelo.fr\/?product=motobecane\",\"url\":\"https:\/\/test.otourduvelo.fr\/?product=motobecane\",\"name\":\"V\u00e9lo r\u00e9tro Motobecane - O Tour du V\u00e9lo\",\"isPartOf\":{\"@id\":\"https:\/\/test.otourduvelo.fr\/#website\"},\"primaryImageOfPage\":{\"@id\":\"https:\/\/test.otourduvelo.fr\/?product=motobecane#primaryimage\"},\"image\":{\"@id\":\"https:\/\/test.otourduvelo.fr\/?product=motobecane#primaryimage\"},\"thumbnailUrl\":\"https:\/\/test.otourduvelo.fr\/wp-content\/uploads\/2023\/11\/velo_retro_motobecane_1.jpeg\",\"datePublished\":\"2023-11-29T19:33:57+00:00\",\"dateModified\":\"2023-11-29T20:13:28+00:00\",\"breadcrumb\":{\"@id\":\"https:\/\/test.otourduvelo.fr\/?product=motobecane#breadcrumb\"},\"inLanguage\":\"fr-FR\",\"potentialAction\":[{\"@type\":\"ReadAction\",\"target\":[\"https:\/\/test.otourduvelo.fr\/?product=motobecane\"]}]},{\"@type\":\"ImageObject\",\"inLanguage\":\"fr-FR\",\"@id\":\"https:\/\/test.otourduvelo.fr\/?product=motobecane#primaryimage\",\"url\":\"https:\/\/test.otourduvelo.fr\/wp-content\/uploads\/2023\/11\/velo_retro_motobecane_1.jpeg\",\"contentUrl\":\"https:\/\/test.otourduvelo.fr\/wp-content\/uploads\/2023\/11\/velo_retro_motobecane_1.jpeg\",\"width\":320,\"height\":240,\"caption\":\"v\u00e9lo retro Motobecane\"},{\"@type\":\"BreadcrumbList\",\"@id\":\"https:\/\/test.otourduvelo.fr\/?product=motobecane#breadcrumb\",\"itemListElement\":[{\"@type\":\"ListItem\",\"position\":1,\"name\":\"Accueil\",\"item\":\"https:\/\/test.otourduvelo.fr\/\"},{\"@type\":\"ListItem\",\"position\":2,\"name\":\"Boutique\",\"item\":\"https:\/\/test.otourduvelo.fr\/?page_id=877\"},{\"@type\":\"ListItem\",\"position\":3,\"name\":\"V\u00e9lo r\u00e9tro Motobecane\"}]},{\"@type\":\"WebSite\",\"@id\":\"https:\/\/test.otourduvelo.fr\/#website\",\"url\":\"https:\/\/test.otourduvelo.fr\/\",\"name\":\"O Tour du V\u00e9lo\",\"description\":\"Atelier de v\u00e9lo\",\"publisher\":{\"@id\":\"https:\/\/test.otourduvelo.fr\/#organization\"},\"potentialAction\":[{\"@type\":\"SearchAction\",\"target\":{\"@type\":\"EntryPoint\",\"urlTemplate\":\"https:\/\/test.otourduvelo.fr\/?s={search_term_string}\"},\"query-input\":{\"@type\":\"PropertyValueSpecification\",\"valueRequired\":true,\"valueName\":\"search_term_string\"}}],\"inLanguage\":\"fr-FR\"},{\"@type\":\"Organization\",\"@id\":\"https:\/\/test.otourduvelo.fr\/#organization\",\"name\":\"O Tour du V\u00e9lo\",\"url\":\"https:\/\/test.otourduvelo.fr\/\",\"logo\":{\"@type\":\"ImageObject\",\"inLanguage\":\"fr-FR\",\"@id\":\"https:\/\/test.otourduvelo.fr\/#\/schema\/logo\/image\/\",\"url\":\"https:\/\/test.otourduvelo.fr\/wp-content\/uploads\/2023\/03\/Plan-de-travail-1LOGO@otourTRANSPARENT.png\",\"contentUrl\":\"https:\/\/test.otourduvelo.fr\/wp-content\/uploads\/2023\/03\/Plan-de-travail-1LOGO@otourTRANSPARENT.png\",\"width\":2000,\"height\":1592,\"caption\":\"O Tour du V\u00e9lo\"},\"image\":{\"@id\":\"https:\/\/test.otourduvelo.fr\/#\/schema\/logo\/image\/\"},\"sameAs\":[\"https:\/\/www.facebook.com\/profile.php?id=100089765813667\"]}]}<\/script>\n<!-- \/ Yoast SEO plugin. -->","yoast_head_json":{"title":"V\u00e9lo r\u00e9tro Motobecane - O Tour du V\u00e9lo","robots":{"index":"index","follow":"follow","max-snippet":"max-snippet:-1","max-image-preview":"max-image-preview:large","max-video-preview":"max-video-preview:-1"},"canonical":"https:\/\/test.otourduvelo.fr\/?product=motobecane","og_locale":"fr_FR","og_type":"article","og_title":"V\u00e9lo r\u00e9tro Motobecane - O Tour du V\u00e9lo","og_description":"10 Vitesses Couleur : vert\u00a0 Pour plus d&rsquo;informations n&rsquo;h\u00e9sitez pas \u00e0 nous contacter Contactez-nous Prix recommand\u00e9","og_url":"https:\/\/test.otourduvelo.fr\/?product=motobecane","og_site_name":"O Tour du V\u00e9lo","article_publisher":"https:\/\/www.facebook.com\/profile.php?id=100089765813667","article_modified_time":"2023-11-29T20:13:28+00:00","og_image":[{"width":320,"height":240,"url":"https:\/\/test.otourduvelo.fr\/wp-content\/uploads\/2023\/11\/velo_retro_motobecane_1.jpeg","type":"image\/jpeg"}],"twitter_card":"summary_large_image","twitter_misc":{"Dur\u00e9e de lecture estim\u00e9e":"2 minutes"},"schema":{"@context":"https:\/\/schema.org","@graph":[{"@type":"WebPage","@id":"https:\/\/test.otourduvelo.fr\/?product=motobecane","url":"https:\/\/test.otourduvelo.fr\/?product=motobecane","name":"V\u00e9lo r\u00e9tro Motobecane - O Tour du V\u00e9lo","isPartOf":{"@id":"https:\/\/test.otourduvelo.fr\/#website"},"primaryImageOfPage":{"@id":"https:\/\/test.otourduvelo.fr\/?product=motobecane#primaryimage"},"image":{"@id":"https:\/\/test.otourduvelo.fr\/?product=motobecane#primaryimage"},"thumbnailUrl":"https:\/\/test.otourduvelo.fr\/wp-content\/uploads\/2023\/11\/velo_retro_motobecane_1.jpeg","datePublished":"2023-11-29T19:33:57+00:00","dateModified":"2023-11-29T20:13:28+00:00","breadcrumb":{"@id":"https:\/\/test.otourduvelo.fr\/?product=motobecane#breadcrumb"},"inLanguage":"fr-FR","potentialAction":[{"@type":"ReadAction","target":["https:\/\/test.otourduvelo.fr\/?product=motobecane"]}]},{"@type":"ImageObject","inLanguage":"fr-FR","@id":"https:\/\/test.otourduvelo.fr\/?product=motobecane#primaryimage","url":"https:\/\/test.otourduvelo.fr\/wp-content\/uploads\/2023\/11\/velo_retro_motobecane_1.jpeg","contentUrl":"https:\/\/test.otourduvelo.fr\/wp-content\/uploads\/2023\/11\/velo_retro_motobecane_1.jpeg","width":320,"height":240,"caption":"v\u00e9lo retro Motobecane"},{"@type":"BreadcrumbList","@id":"https:\/\/test.otourduvelo.fr\/?product=motobecane#breadcrumb","itemListElement":[{"@type":"ListItem","position":1,"name":"Accueil","item":"https:\/\/test.otourduvelo.fr\/"},{"@type":"ListItem","position":2,"name":"Boutique","item":"https:\/\/test.otourduvelo.fr\/?page_id=877"},{"@type":"ListItem","position":3,"name":"V\u00e9lo r\u00e9tro Motobecane"}]},{"@type":"WebSite","@id":"https:\/\/test.otourduvelo.fr\/#website","url":"https:\/\/test.otourduvelo.fr\/","name":"O Tour du V\u00e9lo","description":"Atelier de v\u00e9lo","publisher":{"@id":"https:\/\/test.otourduvelo.fr\/#organization"},"potentialAction":[{"@type":"SearchAction","target":{"@type":"EntryPoint","urlTemplate":"https:\/\/test.otourduvelo.fr\/?s={search_term_string}"},"query-input":{"@type":"PropertyValueSpecification","valueRequired":true,"valueName":"search_term_string"}}],"inLanguage":"fr-FR"},{"@type":"Organization","@id":"https:\/\/test.otourduvelo.fr\/#organization","name":"O Tour du V\u00e9lo","url":"https:\/\/test.otourduvelo.fr\/","logo":{"@type":"ImageObject","inLanguage":"fr-FR","@id":"https:\/\/test.otourduvelo.fr\/#\/schema\/logo\/image\/","url":"https:\/\/test.otourduvelo.fr\/wp-content\/uploads\/2023\/03\/Plan-de-travail-1LOGO@otourTRANSPARENT.png","contentUrl":"https:\/\/test.otourduvelo.fr\/wp-content\/uploads\/2023\/03\/Plan-de-travail-1LOGO@otourTRANSPARENT.png","width":2000,"height":1592,"caption":"O Tour du V\u00e9lo"},"image":{"@id":"https:\/\/test.otourduvelo.fr\/#\/schema\/logo\/image\/"},"sameAs":["https:\/\/www.facebook.com\/profile.php?id=100089765813667"]}]}},"jetpack_sharing_enabled":true,"_links":{"self":[{"href":"https:\/\/test.otourduvelo.fr\/index.php?rest_route=\/wp\/v2\/product\/996"}],"collection":[{"href":"https:\/\/test.otourduvelo.fr\/index.php?rest_route=\/wp\/v2\/product"}],"about":[{"href":"https:\/\/test.otourduvelo.fr\/index.php?rest_route=\/wp\/v2\/types\/product"}],"replies":[{"embeddable":true,"href":"https:\/\/test.otourduvelo.fr\/index.php?rest_route=%2Fwp%2Fv2%2Fcomments&post=996"}],"wp:featuredmedia":[{"embeddable":true,"href":"https:\/\/test.otourduvelo.fr\/index.php?rest_route=\/wp\/v2\/media\/999"}],"wp:attachment":[{"href":"https:\/\/test.otourduvelo.fr\/index.php?rest_route=%2Fwp%2Fv2%2Fmedia&parent=996"}],"wp:term":[{"taxonomy":"product_cat","embeddable":true,"href":"https:\/\/test.otourduvelo.fr\/index.php?rest_route=%2Fwp%2Fv2%2Fproduct_cat&post=996"},{"taxonomy":"product_tag","embeddable":true,"href":"https:\/\/test.otourduvelo.fr\/index.php?rest_route=%2Fwp%2Fv2%2Fproduct_tag&post=996"}],"curies":[{"name":"wp","href":"https:\/\/api.w.org\/{rel}","templated":true}]}}