{"id":973,"date":"2023-07-21T22:14:35","date_gmt":"2023-07-21T21:14:35","guid":{"rendered":"https:\/\/test.otourduvelo.fr\/?post_type=product&#038;p=973"},"modified":"2023-08-17T15:53:54","modified_gmt":"2023-08-17T14:53:54","slug":"tenways-cgo800s","status":"publish","type":"product","link":"https:\/\/test.otourduvelo.fr\/?product=tenways-cgo800s","title":{"rendered":"Tenways CGO800S"},"content":{"rendered":"<ul>\n<li>\n<h3>100km<\/h3>\n<p>Gamme assist\u00e9e<\/p>\n<\/li>\n<li>\n<h3>19kg<\/h3>\n<p>Poids l\u00e9ger<\/p>\n<\/li>\n<\/ul>\n<hr>\n<div>\n<p>S\u00e9rie Confort urbain<\/p>\n<\/div>\n<div>\n<p>Pour plus d&rsquo;informations n&rsquo;h\u00e9sitez pas \u00e0 nous contacter<\/p>\n<\/div>\n<p>\n    <a href=\"\/index.php?page_id=21\">Contactez-nous<\/a>\n<\/p>\n<div>\n<p>Prix recommand\u00e9<\/p>\n<\/div>\n<ul>\n<li>\n<p>        <img decoding=\"async\" src=\"\/wp-content\/uploads\/2023\/07\/bluecgo800s.png\" alt=\"\"><\/p>\n<h3>Blue<\/h3>\n<\/li>\n<li>\n<p>        <img decoding=\"async\" src=\"\/wp-content\/uploads\/2023\/07\/blackcgo800s.png\" alt=\"\"><\/p>\n<h3>Black<\/h3>\n<\/li>\n<li>\n<p>        <img decoding=\"async\" src=\"\/wp-content\/uploads\/2023\/07\/greycgo800s.png\" alt=\"\"><\/p>\n<h3>Grey<\/h3>\n<\/li>\n<\/ul>\n<h2>Sp\u00e9cifications du produit<\/h2>\n<h4>\u00e9lectronique<\/h4>\n<ul>\n<li>\n<h3>Moteur<\/h3>\n<div>\n<p>Moteur de moyeu arri\u00e8re M070 250W de la marque Mivice<\/p>\n<\/div>\n<\/li>\n<li>\n<h3>Capteur<\/h3>\n<div>\n<p>Capteur de couple S200 de Mivise<\/p>\n<\/div>\n<\/li>\n<li>\n<h3>Batterie<\/h3>\n<div>\n<p>Batterie lithium-ion de 360Wh (36V et 10Ah) avec cellules LG<\/p>\n<\/div>\n<\/li>\n<li>\n<h3>Contr\u00f4leur<\/h3>\n<div>\n<p>Contr\u00f4leur Mivise<\/p>\n<\/div>\n<\/li>\n<li>\n<h3>\u00c9cran<\/h3>\n<div>\n<p>\u00c9cran OLED minimaliste<\/p>\n<\/div>\n<\/li>\n<\/ul>\n<h4>performances<\/h4>\n<ul>\n<li>\n<h3>Vitesse maximale<\/h3>\n<div>\n<p>25 km\/h<\/p>\n<\/div>\n<\/li>\n<li>\n<h3>Autonomie<\/h3>\n<div>\n<p>Jusqu&rsquo;\u00e0 100 km<\/p>\n<\/div>\n<\/li>\n<\/ul>\n<h4>composants<\/h4>\n<ul>\n<li>\n<h3>Cadre<\/h3>\n<div>\n<p>Alliage en aluminium 6061<\/p>\n<\/div>\n<\/li>\n<li>\n<h3>Fourche avant<\/h3>\n<div>\n<p>Fourche avant \u00e0 suspension SR SUNTOUR<\/p>\n<\/div>\n<\/li>\n<li>\n<h3>Poids<\/h3>\n<div>\n<p>19 kg<\/p>\n<\/div>\n<\/li>\n<li>\n<h3>Transmission<\/h3>\n<div>\n<p>Transmission \u00e0 vitesse unique<br \/>Courroie en carbone Gates<\/p>\n<\/div>\n<\/li>\n<li>\n<h3>Pneus<\/h3>\n<div>\n<p>Pneus anti-crevaison CST 700 x 40C<\/p>\n<\/div>\n<\/li>\n<li>\n<h3>Taille du cadre<\/h3>\n<div>\n<p>480 mm<\/p>\n<\/div>\n<\/li>\n<li>\n<h3>Couleurs<\/h3>\n<div>\n<p>Noir minuit, gris galet, bleu ciel<\/p>\n<\/div>\n<\/li>\n<li>\n<h3>Freins<\/h3>\n<div>\n<p>Freins \u00e0 disque hydrauliques Tektro<\/p>\n<\/div>\n<\/li>\n<\/ul>\n<p><!--more--><br \/>\n<!-- {\"type\":\"layout\",\"children\":[{\"type\":\"section\",\"props\":{\"image_position\":\"center-center\",\"style\":\"default\",\"title_breakpoint\":\"xl\",\"title_position\":\"top-left\",\"title_rotation\":\"left\",\"vertical_align\":\"middle\",\"width\":\"default\"},\"children\":[{\"type\":\"row\",\"props\":{\"layout\":\"1-2,1-2\"},\"children\":[{\"type\":\"column\",\"props\":{\"image_position\":\"center-center\",\"media_overlay_gradient\":\"\",\"position_sticky_breakpoint\":\"m\",\"width_medium\":\"1-2\"},\"children\":[{\"type\":\"headline\",\"props\":{\"margin\":\"medium\",\"title_decoration\":\"bullet\",\"title_element\":\"h1\"},\"source\":{\"query\":{\"name\":\"products.singleProduct\"},\"props\":{\"content\":{\"filters\":{\"search\":\"\"},\"name\":\"title\"}}}},{\"type\":\"grid\",\"props\":{\"content_column_breakpoint\":\"m\",\"filter_align\":\"left\",\"filter_all\":true,\"filter_grid_breakpoint\":\"m\",\"filter_grid_width\":\"auto\",\"filter_position\":\"top\",\"filter_style\":\"tab\",\"grid_default\":\"3\",\"grid_medium\":\"3\",\"grid_row_gap\":\"small\",\"icon_width\":80,\"image_align\":\"top\",\"image_grid_breakpoint\":\"m\",\"image_grid_width\":\"1-2\",\"image_svg_color\":\"emphasis\",\"item_animation\":true,\"link_style\":\"default\",\"link_text\":\"Read more\",\"margin\":\"default\",\"meta_align\":\"below-title\",\"meta_element\":\"div\",\"meta_style\":\"text-meta\",\"show_content\":true,\"show_image\":true,\"show_link\":true,\"show_meta\":true,\"show_title\":true,\"title_align\":\"top\",\"title_element\":\"h3\",\"title_grid_breakpoint\":\"m\",\"title_grid_width\":\"1-2\",\"title_hover_style\":\"reset\"},\"children\":[{\"type\":\"grid_item\",\"props\":{\"meta\":\"Gamme assist\\u00e9e\",\"title\":\"100km\"}},{\"type\":\"grid_item\",\"props\":{\"meta\":\"Poids l\\u00e9ger\",\"title\":\"19kg\"}}]},{\"type\":\"divider\",\"props\":{\"divider_element\":\"hr\"}},{\"type\":\"text\",\"props\":{\"column_breakpoint\":\"m\",\"content\":\"\n\n<p>S\\u00e9rie Confort urbain<\\\/p>\",\"margin\":\"default\"}}]},{\"type\":\"column\",\"props\":{\"image_position\":\"center-center\",\"media_overlay_gradient\":\"\",\"position_sticky_breakpoint\":\"m\",\"style\":\"primary\",\"width_medium\":\"1-2\"},\"children\":[{\"type\":\"image\",\"props\":{\"image_svg_color\":\"emphasis\",\"margin\":\"remove-vertical\"},\"source\":{\"query\":{\"name\":\"products.singleProduct\"},\"props\":{\"image\":{\"filters\":{\"search\":\"\"},\"name\":\"featuredImage.url\"},\"image_alt\":{\"filters\":{\"search\":\"\"},\"name\":\"featuredImage.alt\"}}}}]}]},{\"type\":\"row\",\"props\":{\"layout\":\"1-2,1-2\",\"margin_remove_top\":true},\"children\":[{\"type\":\"column\",\"props\":{\"image_position\":\"center-center\",\"media_overlay_gradient\":\"\",\"position_sticky_breakpoint\":\"m\",\"vertical_align\":\"middle\",\"width_medium\":\"1-2\"},\"children\":[{\"type\":\"text\",\"props\":{\"column_breakpoint\":\"m\",\"content\":\"\n\n<p>Pour plus d'informations n'h\\u00e9sitez pas \\u00e0 nous contacter<\\\/p>\",\"margin\":\"default\",\"text_align\":\"center\",\"text_style\":\"lead\"}},{\"type\":\"button\",\"props\":{\"fullwidth\":false,\"grid_column_gap\":\"small\",\"grid_row_gap\":\"small\",\"margin\":\"default\",\"text_align\":\"center\"},\"children\":[{\"type\":\"button_item\",\"props\":{\"button_style\":\"secondary\",\"content\":\"Contactez-nous\",\"icon_align\":\"left\",\"link\":\"index.php?page_id=21\"}}]}]},{\"type\":\"column\",\"props\":{\"image_position\":\"center-center\",\"media_overlay_gradient\":\"\",\"padding\":\"small\",\"position_sticky_breakpoint\":\"m\",\"style\":\"secondary\",\"width_medium\":\"1-2\"},\"children\":[{\"type\":\"panel\",\"props\":{\"content_column_breakpoint\":\"m\",\"icon_width\":80,\"image_align\":\"top\",\"image_grid_breakpoint\":\"m\",\"image_grid_width\":\"1-2\",\"image_svg_color\":\"emphasis\",\"link_style\":\"default\",\"link_text\":\"Read more\",\"margin\":\"remove-vertical\",\"meta\":\"Prix recommand\\u00e9\",\"meta_align\":\"above-title\",\"meta_element\":\"div\",\"meta_style\":\"text-lead\",\"text_align\":\"center\",\"title_align\":\"top\",\"title_element\":\"h3\",\"title_grid_breakpoint\":\"m\",\"title_grid_width\":\"1-2\",\"title_hover_style\":\"reset\",\"title_style\":\"h4\"},\"source\":{\"query\":{\"name\":\"products.singleProduct\"},\"props\":{\"title\":{\"filters\":{\"search\":\"\"},\"name\":\"woocommerce.price\"}}}}]}]},{\"type\":\"row\",\"children\":[{\"type\":\"column\",\"props\":{\"image_position\":\"center-center\",\"media_overlay_gradient\":\"\",\"position_sticky_breakpoint\":\"m\"},\"children\":[{\"type\":\"panel-slider\",\"props\":{\"content_column_breakpoint\":\"m\",\"icon_width\":80,\"image_align\":\"top\",\"image_grid_breakpoint\":\"m\",\"image_grid_width\":\"1-2\",\"image_svg_color\":\"emphasis\",\"link_style\":\"default\",\"link_text\":\"Read more\",\"margin\":\"default\",\"meta_align\":\"below-title\",\"meta_element\":\"div\",\"meta_style\":\"text-meta\",\"nav\":\"dotnav\",\"nav_align\":\"center\",\"nav_breakpoint\":\"s\",\"panel_card_match\":true,\"show_content\":false,\"show_image\":true,\"show_link\":false,\"show_meta\":false,\"show_title\":false,\"slidenav\":\"outside\",\"slidenav_breakpoint\":\"xl\",\"slidenav_margin\":\"medium\",\"slidenav_outside_breakpoint\":\"xl\",\"slider_autoplay\":true,\"slider_autoplay_pause\":true,\"slider_gap\":\"small\",\"slider_velocity\":\"1.6\",\"slider_width\":\"fixed\",\"slider_width_default\":\"1-1\",\"slider_width_medium\":\"1-3\",\"title_align\":\"top\",\"title_element\":\"h3\",\"title_grid_breakpoint\":\"m\",\"title_grid_width\":\"1-2\",\"title_hover_style\":\"reset\"},\"children\":[{\"type\":\"panel-slider_item\",\"props\":{\"image\":\"wp-content\\\/uploads\\\/2023\\\/07\\\/bluecgo800s.png\",\"title\":\"Blue\"}},{\"type\":\"panel-slider_item\",\"props\":{\"image\":\"wp-content\\\/uploads\\\/2023\\\/07\\\/blackcgo800s.png\",\"title\":\"Black\"}},{\"type\":\"panel-slider_item\",\"props\":{\"image\":\"wp-content\\\/uploads\\\/2023\\\/07\\\/greycgo800s.png\",\"title\":\"Grey\"}}]}]}],\"props\":{\"margin_remove_top\":false}}],\"name\":\"produit-velo\"},{\"type\":\"section\",\"props\":{\"image_position\":\"center-center\",\"style\":\"default\",\"title_breakpoint\":\"xl\",\"title_position\":\"top-left\",\"title_rotation\":\"left\",\"vertical_align\":\"middle\",\"width\":\"default\"},\"children\":[{\"type\":\"row\",\"children\":[{\"type\":\"column\",\"props\":{\"image_position\":\"center-center\",\"media_overlay_gradient\":\"\",\"position_sticky_breakpoint\":\"m\"},\"children\":[{\"type\":\"headline\",\"props\":{\"content\":\"Sp\\u00e9cifications du produit\",\"title_decoration\":\"bullet\",\"title_element\":\"h2\"}},{\"type\":\"headline\",\"props\":{\"content\":\"\\u00e9lectronique\",\"margin\":\"default\",\"title_decoration\":\"line\",\"title_element\":\"h4\"}},{\"type\":\"grid\",\"props\":{\"content_column_breakpoint\":\"m\",\"content_style\":\"text-meta\",\"filter_align\":\"left\",\"filter_all\":true,\"filter_grid_breakpoint\":\"m\",\"filter_grid_width\":\"auto\",\"filter_position\":\"top\",\"filter_style\":\"tab\",\"grid_column_gap\":\"small\",\"grid_default\":\"1\",\"grid_medium\":\"3\",\"grid_row_gap\":\"small\",\"icon_width\":80,\"image_align\":\"top\",\"image_grid_breakpoint\":\"m\",\"image_grid_width\":\"1-2\",\"image_svg_color\":\"emphasis\",\"item_animation\":true,\"link_style\":\"default\",\"link_text\":\"Read more\",\"margin\":\"large\",\"margin_remove_top\":true,\"meta_align\":\"below-title\",\"meta_element\":\"div\",\"meta_style\":\"text-meta\",\"show_content\":true,\"show_image\":true,\"show_link\":true,\"show_meta\":true,\"show_title\":true,\"title_align\":\"top\",\"title_element\":\"h3\",\"title_grid_breakpoint\":\"m\",\"title_grid_width\":\"1-2\",\"title_hover_style\":\"reset\",\"title_style\":\"text-lead\"},\"children\":[{\"type\":\"grid_item\",\"props\":{\"content\":\"\n\n<p>Moteur de moyeu arri\\u00e8re M070 250W de la marque Mivice<\\\/p>\",\"title\":\"Moteur\"}},{\"type\":\"grid_item\",\"props\":{\"content\":\"\n\n<p>Capteur de couple S200 de Mivise<\\\/p>\",\"title\":\"Capteur\"}},{\"type\":\"grid_item\",\"props\":{\"content\":\"\n\n<p>Batterie lithium-ion de 360Wh (36V et 10Ah) avec cellules LG<\\\/p>\",\"title\":\"Batterie\"}},{\"type\":\"grid_item\",\"props\":{\"content\":\"\n\n<p>Contr\\u00f4leur Mivise<\\\/p>\",\"title\":\"Contr\\u00f4leur\"}},{\"type\":\"grid_item\",\"props\":{\"content\":\"\n\n<p>\\u00c9cran OLED minimaliste<\\\/p>\",\"title\":\"\\u00c9cran\"}}]},{\"type\":\"headline\",\"props\":{\"content\":\"performances\",\"title_decoration\":\"line\",\"title_element\":\"h4\"}},{\"type\":\"grid\",\"props\":{\"content_column_breakpoint\":\"m\",\"content_style\":\"text-meta\",\"filter_align\":\"left\",\"filter_all\":true,\"filter_grid_breakpoint\":\"m\",\"filter_grid_width\":\"auto\",\"filter_position\":\"top\",\"filter_style\":\"tab\",\"grid_column_gap\":\"small\",\"grid_default\":\"1\",\"grid_medium\":\"3\",\"grid_row_gap\":\"small\",\"icon_width\":80,\"image_align\":\"top\",\"image_grid_breakpoint\":\"m\",\"image_grid_width\":\"1-2\",\"image_svg_color\":\"emphasis\",\"item_animation\":true,\"link_style\":\"default\",\"link_text\":\"Read more\",\"margin\":\"large\",\"margin_remove_top\":true,\"meta_align\":\"below-title\",\"meta_element\":\"div\",\"meta_style\":\"text-meta\",\"show_content\":true,\"show_image\":true,\"show_link\":true,\"show_meta\":true,\"show_title\":true,\"title_align\":\"top\",\"title_element\":\"h3\",\"title_grid_breakpoint\":\"m\",\"title_grid_width\":\"1-2\",\"title_hover_style\":\"reset\",\"title_style\":\"text-lead\"},\"children\":[{\"type\":\"grid_item\",\"props\":{\"content\":\"\n\n<p>25 km\\\/h<\\\/p>\",\"title\":\"Vitesse maximale\"}},{\"type\":\"grid_item\",\"props\":{\"content\":\"\n\n<p>Jusqu'\\u00e0 100 km<\\\/p>\",\"title\":\"Autonomie\"}}]},{\"type\":\"headline\",\"props\":{\"content\":\"composants\",\"title_decoration\":\"line\",\"title_element\":\"h4\"}},{\"type\":\"grid\",\"props\":{\"content_column_breakpoint\":\"m\",\"content_style\":\"text-meta\",\"filter_align\":\"left\",\"filter_all\":true,\"filter_grid_breakpoint\":\"m\",\"filter_grid_width\":\"auto\",\"filter_position\":\"top\",\"filter_style\":\"tab\",\"grid_column_gap\":\"small\",\"grid_default\":\"1\",\"grid_medium\":\"3\",\"grid_row_gap\":\"small\",\"icon_width\":80,\"image_align\":\"top\",\"image_grid_breakpoint\":\"m\",\"image_grid_width\":\"1-2\",\"image_svg_color\":\"emphasis\",\"item_animation\":true,\"link_style\":\"default\",\"link_text\":\"Read more\",\"margin\":\"large\",\"margin_remove_top\":true,\"meta_align\":\"below-title\",\"meta_element\":\"div\",\"meta_style\":\"text-meta\",\"show_content\":true,\"show_image\":true,\"show_link\":true,\"show_meta\":true,\"show_title\":true,\"title_align\":\"top\",\"title_element\":\"h3\",\"title_grid_breakpoint\":\"m\",\"title_grid_width\":\"1-2\",\"title_hover_style\":\"reset\",\"title_style\":\"text-lead\"},\"children\":[{\"type\":\"grid_item\",\"props\":{\"content\":\"\n\n<p>Alliage en aluminium 6061<\\\/p>\",\"title\":\"Cadre\"}},{\"type\":\"grid_item\",\"props\":{\"content\":\"\n\n<p>Fourche avant \\u00e0 suspension SR SUNTOUR<\\\/p>\",\"title\":\"Fourche avant\"}},{\"type\":\"grid_item\",\"props\":{\"content\":\"\n\n<p>19 kg<\\\/p>\",\"title\":\"Poids\"}},{\"type\":\"grid_item\",\"props\":{\"content\":\"\n\n<p>Transmission \\u00e0 vitesse unique<br \\\/>Courroie en carbone Gates<\\\/p>\",\"title\":\"Transmission\"}},{\"type\":\"grid_item\",\"props\":{\"content\":\"\n\n<p>Pneus anti-crevaison CST 700 x 40C<\\\/p>\",\"title\":\"Pneus\"}},{\"type\":\"grid_item\",\"props\":{\"content\":\"\n\n<p>480 mm<\\\/p>\",\"title\":\"Taille du cadre\"}},{\"type\":\"grid_item\",\"props\":{\"content\":\"\n\n<p>Noir minuit, gris galet, bleu ciel<\\\/p>\",\"title\":\"Couleurs\"}},{\"type\":\"grid_item\",\"props\":{\"content\":\"\n\n<p>Freins \\u00e0 disque hydrauliques Tektro<\\\/p>\",\"title\":\"Freins\"}}]}]}]}]}],\"version\":\"3.0.27\"} --><\/p>\n","protected":false},"excerpt":{"rendered":"<p>100km Gamme assist\u00e9e 19kg Poids l\u00e9ger S\u00e9rie Confort urbain Pour plus d&rsquo;informations n&rsquo;h\u00e9sitez pas \u00e0 nous contacter Contactez-nous Prix recommand\u00e9 Blue Black Grey Sp\u00e9cifications du produit \u00e9lectronique Moteur Moteur de moyeu arri\u00e8re M070 250W de la marque Mivice Capteur Capteur de couple S200 de Mivise Batterie Batterie lithium-ion de 360Wh (36V et 10Ah) avec cellules [&hellip;]<\/p>\n","protected":false},"featured_media":977,"comment_status":"open","ping_status":"closed","template":"","meta":[],"product_cat":[21],"product_tag":[],"yoast_head":"<!-- This site is optimized with the Yoast SEO plugin v24.5 - https:\/\/yoast.com\/wordpress\/plugins\/seo\/ -->\n<title>Tenways CGO800S - O Tour du V\u00e9lo<\/title>\n<meta name=\"robots\" content=\"index, follow, max-snippet:-1, max-image-preview:large, max-video-preview:-1\" \/>\n<link rel=\"canonical\" href=\"https:\/\/test.otourduvelo.fr\/?product=tenways-cgo800s\" \/>\n<meta property=\"og:locale\" content=\"fr_FR\" \/>\n<meta property=\"og:type\" content=\"article\" \/>\n<meta property=\"og:title\" content=\"Tenways CGO800S - O Tour du V\u00e9lo\" \/>\n<meta property=\"og:description\" content=\"100km Gamme assist\u00e9e 19kg Poids l\u00e9ger S\u00e9rie Confort urbain Pour plus d&rsquo;informations n&rsquo;h\u00e9sitez pas \u00e0 nous contacter Contactez-nous Prix recommand\u00e9 Blue Black Grey Sp\u00e9cifications du produit \u00e9lectronique Moteur Moteur de moyeu arri\u00e8re M070 250W de la marque Mivice Capteur Capteur de couple S200 de Mivise Batterie Batterie lithium-ion de 360Wh (36V et 10Ah) avec cellules [&hellip;]\" \/>\n<meta property=\"og:url\" content=\"https:\/\/test.otourduvelo.fr\/?product=tenways-cgo800s\" \/>\n<meta property=\"og:site_name\" content=\"O Tour du V\u00e9lo\" \/>\n<meta property=\"article:publisher\" content=\"https:\/\/www.facebook.com\/profile.php?id=100089765813667\" \/>\n<meta property=\"article:modified_time\" content=\"2023-08-17T14:53:54+00:00\" \/>\n<meta property=\"og:image\" content=\"https:\/\/test.otourduvelo.fr\/wp-content\/uploads\/2023\/07\/blackcgo800s1000_563.png\" \/>\n\t<meta property=\"og:image:width\" content=\"1000\" \/>\n\t<meta property=\"og:image:height\" content=\"579\" \/>\n\t<meta property=\"og:image:type\" content=\"image\/png\" \/>\n<meta name=\"twitter:card\" content=\"summary_large_image\" \/>\n<meta name=\"twitter:label1\" content=\"Dur\u00e9e de lecture estim\u00e9e\" \/>\n\t<meta name=\"twitter:data1\" content=\"2 minutes\" \/>\n<script type=\"application\/ld+json\" class=\"yoast-schema-graph\">{\"@context\":\"https:\/\/schema.org\",\"@graph\":[{\"@type\":\"WebPage\",\"@id\":\"https:\/\/test.otourduvelo.fr\/?product=tenways-cgo800s\",\"url\":\"https:\/\/test.otourduvelo.fr\/?product=tenways-cgo800s\",\"name\":\"Tenways CGO800S - O Tour du V\u00e9lo\",\"isPartOf\":{\"@id\":\"https:\/\/test.otourduvelo.fr\/#website\"},\"primaryImageOfPage\":{\"@id\":\"https:\/\/test.otourduvelo.fr\/?product=tenways-cgo800s#primaryimage\"},\"image\":{\"@id\":\"https:\/\/test.otourduvelo.fr\/?product=tenways-cgo800s#primaryimage\"},\"thumbnailUrl\":\"https:\/\/test.otourduvelo.fr\/wp-content\/uploads\/2023\/07\/blackcgo800s1000_563.png\",\"datePublished\":\"2023-07-21T21:14:35+00:00\",\"dateModified\":\"2023-08-17T14:53:54+00:00\",\"breadcrumb\":{\"@id\":\"https:\/\/test.otourduvelo.fr\/?product=tenways-cgo800s#breadcrumb\"},\"inLanguage\":\"fr-FR\",\"potentialAction\":[{\"@type\":\"ReadAction\",\"target\":[\"https:\/\/test.otourduvelo.fr\/?product=tenways-cgo800s\"]}]},{\"@type\":\"ImageObject\",\"inLanguage\":\"fr-FR\",\"@id\":\"https:\/\/test.otourduvelo.fr\/?product=tenways-cgo800s#primaryimage\",\"url\":\"https:\/\/test.otourduvelo.fr\/wp-content\/uploads\/2023\/07\/blackcgo800s1000_563.png\",\"contentUrl\":\"https:\/\/test.otourduvelo.fr\/wp-content\/uploads\/2023\/07\/blackcgo800s1000_563.png\",\"width\":1000,\"height\":579},{\"@type\":\"BreadcrumbList\",\"@id\":\"https:\/\/test.otourduvelo.fr\/?product=tenways-cgo800s#breadcrumb\",\"itemListElement\":[{\"@type\":\"ListItem\",\"position\":1,\"name\":\"Accueil\",\"item\":\"https:\/\/test.otourduvelo.fr\/\"},{\"@type\":\"ListItem\",\"position\":2,\"name\":\"Boutique\",\"item\":\"https:\/\/test.otourduvelo.fr\/?page_id=877\"},{\"@type\":\"ListItem\",\"position\":3,\"name\":\"Tenways CGO800S\"}]},{\"@type\":\"WebSite\",\"@id\":\"https:\/\/test.otourduvelo.fr\/#website\",\"url\":\"https:\/\/test.otourduvelo.fr\/\",\"name\":\"O Tour du V\u00e9lo\",\"description\":\"Atelier de v\u00e9lo\",\"publisher\":{\"@id\":\"https:\/\/test.otourduvelo.fr\/#organization\"},\"potentialAction\":[{\"@type\":\"SearchAction\",\"target\":{\"@type\":\"EntryPoint\",\"urlTemplate\":\"https:\/\/test.otourduvelo.fr\/?s={search_term_string}\"},\"query-input\":{\"@type\":\"PropertyValueSpecification\",\"valueRequired\":true,\"valueName\":\"search_term_string\"}}],\"inLanguage\":\"fr-FR\"},{\"@type\":\"Organization\",\"@id\":\"https:\/\/test.otourduvelo.fr\/#organization\",\"name\":\"O Tour du V\u00e9lo\",\"url\":\"https:\/\/test.otourduvelo.fr\/\",\"logo\":{\"@type\":\"ImageObject\",\"inLanguage\":\"fr-FR\",\"@id\":\"https:\/\/test.otourduvelo.fr\/#\/schema\/logo\/image\/\",\"url\":\"https:\/\/test.otourduvelo.fr\/wp-content\/uploads\/2023\/03\/Plan-de-travail-1LOGO@otourTRANSPARENT.png\",\"contentUrl\":\"https:\/\/test.otourduvelo.fr\/wp-content\/uploads\/2023\/03\/Plan-de-travail-1LOGO@otourTRANSPARENT.png\",\"width\":2000,\"height\":1592,\"caption\":\"O Tour du V\u00e9lo\"},\"image\":{\"@id\":\"https:\/\/test.otourduvelo.fr\/#\/schema\/logo\/image\/\"},\"sameAs\":[\"https:\/\/www.facebook.com\/profile.php?id=100089765813667\"]}]}<\/script>\n<!-- \/ Yoast SEO plugin. -->","yoast_head_json":{"title":"Tenways CGO800S - O Tour du V\u00e9lo","robots":{"index":"index","follow":"follow","max-snippet":"max-snippet:-1","max-image-preview":"max-image-preview:large","max-video-preview":"max-video-preview:-1"},"canonical":"https:\/\/test.otourduvelo.fr\/?product=tenways-cgo800s","og_locale":"fr_FR","og_type":"article","og_title":"Tenways CGO800S - O Tour du V\u00e9lo","og_description":"100km Gamme assist\u00e9e 19kg Poids l\u00e9ger S\u00e9rie Confort urbain Pour plus d&rsquo;informations n&rsquo;h\u00e9sitez pas \u00e0 nous contacter Contactez-nous Prix recommand\u00e9 Blue Black Grey Sp\u00e9cifications du produit \u00e9lectronique Moteur Moteur de moyeu arri\u00e8re M070 250W de la marque Mivice Capteur Capteur de couple S200 de Mivise Batterie Batterie lithium-ion de 360Wh (36V et 10Ah) avec cellules [&hellip;]","og_url":"https:\/\/test.otourduvelo.fr\/?product=tenways-cgo800s","og_site_name":"O Tour du V\u00e9lo","article_publisher":"https:\/\/www.facebook.com\/profile.php?id=100089765813667","article_modified_time":"2023-08-17T14:53:54+00:00","og_image":[{"width":1000,"height":579,"url":"https:\/\/test.otourduvelo.fr\/wp-content\/uploads\/2023\/07\/blackcgo800s1000_563.png","type":"image\/png"}],"twitter_card":"summary_large_image","twitter_misc":{"Dur\u00e9e de lecture estim\u00e9e":"2 minutes"},"schema":{"@context":"https:\/\/schema.org","@graph":[{"@type":"WebPage","@id":"https:\/\/test.otourduvelo.fr\/?product=tenways-cgo800s","url":"https:\/\/test.otourduvelo.fr\/?product=tenways-cgo800s","name":"Tenways CGO800S - O Tour du V\u00e9lo","isPartOf":{"@id":"https:\/\/test.otourduvelo.fr\/#website"},"primaryImageOfPage":{"@id":"https:\/\/test.otourduvelo.fr\/?product=tenways-cgo800s#primaryimage"},"image":{"@id":"https:\/\/test.otourduvelo.fr\/?product=tenways-cgo800s#primaryimage"},"thumbnailUrl":"https:\/\/test.otourduvelo.fr\/wp-content\/uploads\/2023\/07\/blackcgo800s1000_563.png","datePublished":"2023-07-21T21:14:35+00:00","dateModified":"2023-08-17T14:53:54+00:00","breadcrumb":{"@id":"https:\/\/test.otourduvelo.fr\/?product=tenways-cgo800s#breadcrumb"},"inLanguage":"fr-FR","potentialAction":[{"@type":"ReadAction","target":["https:\/\/test.otourduvelo.fr\/?product=tenways-cgo800s"]}]},{"@type":"ImageObject","inLanguage":"fr-FR","@id":"https:\/\/test.otourduvelo.fr\/?product=tenways-cgo800s#primaryimage","url":"https:\/\/test.otourduvelo.fr\/wp-content\/uploads\/2023\/07\/blackcgo800s1000_563.png","contentUrl":"https:\/\/test.otourduvelo.fr\/wp-content\/uploads\/2023\/07\/blackcgo800s1000_563.png","width":1000,"height":579},{"@type":"BreadcrumbList","@id":"https:\/\/test.otourduvelo.fr\/?product=tenways-cgo800s#breadcrumb","itemListElement":[{"@type":"ListItem","position":1,"name":"Accueil","item":"https:\/\/test.otourduvelo.fr\/"},{"@type":"ListItem","position":2,"name":"Boutique","item":"https:\/\/test.otourduvelo.fr\/?page_id=877"},{"@type":"ListItem","position":3,"name":"Tenways CGO800S"}]},{"@type":"WebSite","@id":"https:\/\/test.otourduvelo.fr\/#website","url":"https:\/\/test.otourduvelo.fr\/","name":"O Tour du V\u00e9lo","description":"Atelier de v\u00e9lo","publisher":{"@id":"https:\/\/test.otourduvelo.fr\/#organization"},"potentialAction":[{"@type":"SearchAction","target":{"@type":"EntryPoint","urlTemplate":"https:\/\/test.otourduvelo.fr\/?s={search_term_string}"},"query-input":{"@type":"PropertyValueSpecification","valueRequired":true,"valueName":"search_term_string"}}],"inLanguage":"fr-FR"},{"@type":"Organization","@id":"https:\/\/test.otourduvelo.fr\/#organization","name":"O Tour du V\u00e9lo","url":"https:\/\/test.otourduvelo.fr\/","logo":{"@type":"ImageObject","inLanguage":"fr-FR","@id":"https:\/\/test.otourduvelo.fr\/#\/schema\/logo\/image\/","url":"https:\/\/test.otourduvelo.fr\/wp-content\/uploads\/2023\/03\/Plan-de-travail-1LOGO@otourTRANSPARENT.png","contentUrl":"https:\/\/test.otourduvelo.fr\/wp-content\/uploads\/2023\/03\/Plan-de-travail-1LOGO@otourTRANSPARENT.png","width":2000,"height":1592,"caption":"O Tour du V\u00e9lo"},"image":{"@id":"https:\/\/test.otourduvelo.fr\/#\/schema\/logo\/image\/"},"sameAs":["https:\/\/www.facebook.com\/profile.php?id=100089765813667"]}]}},"jetpack_sharing_enabled":true,"_links":{"self":[{"href":"https:\/\/test.otourduvelo.fr\/index.php?rest_route=\/wp\/v2\/product\/973"}],"collection":[{"href":"https:\/\/test.otourduvelo.fr\/index.php?rest_route=\/wp\/v2\/product"}],"about":[{"href":"https:\/\/test.otourduvelo.fr\/index.php?rest_route=\/wp\/v2\/types\/product"}],"replies":[{"embeddable":true,"href":"https:\/\/test.otourduvelo.fr\/index.php?rest_route=%2Fwp%2Fv2%2Fcomments&post=973"}],"wp:featuredmedia":[{"embeddable":true,"href":"https:\/\/test.otourduvelo.fr\/index.php?rest_route=\/wp\/v2\/media\/977"}],"wp:attachment":[{"href":"https:\/\/test.otourduvelo.fr\/index.php?rest_route=%2Fwp%2Fv2%2Fmedia&parent=973"}],"wp:term":[{"taxonomy":"product_cat","embeddable":true,"href":"https:\/\/test.otourduvelo.fr\/index.php?rest_route=%2Fwp%2Fv2%2Fproduct_cat&post=973"},{"taxonomy":"product_tag","embeddable":true,"href":"https:\/\/test.otourduvelo.fr\/index.php?rest_route=%2Fwp%2Fv2%2Fproduct_tag&post=973"}],"curies":[{"name":"wp","href":"https:\/\/api.w.org\/{rel}","templated":true}]}}