{"id":21,"date":"2023-02-14T18:31:03","date_gmt":"2023-02-14T17:31:03","guid":{"rendered":"https:\/\/test.otourduvelo.fr\/?page_id=21"},"modified":"2023-04-18T17:27:26","modified_gmt":"2023-04-18T16:27:26","slug":"contact","status":"publish","type":"page","link":"https:\/\/test.otourduvelo.fr\/?page_id=21","title":{"rendered":"Contact"},"content":{"rendered":"<h2>Prendre rendez-vous en ligne.<\/h2>\n<p>\n    <a href=\"https:\/\/app.trouver-un-reparateur.fr\/\/reparateur\/1678190920135x647817777806292400\">Rendez-vous en ligne<\/a>\n<\/p>\n<p><img decoding=\"async\" src=\"\/wp-content\/uploads\/2023\/02\/Plan-de-travail-2LOGO@otourTRANSPARENT-1.png\" alt=\"Logo de l'atelier de v\u00e9lo \"O Tour du V\u00e9lo\" \u00e0 l'Union, Blanc\"><\/p>\n<ul>\n<li>\n<h2>Adresse<\/h2>\n<div>\n<p>1 rue des Tilleuls<br \/>31240 L&rsquo;Union<br \/>France<\/p>\n<\/div>\n<\/li>\n<li>\n<h2>E-Mail<\/h2>\n<div>\n<p><a href=\"mailto:contact@test.otourduvelo.fr\">contact@test.otourduvelo.fr<\/a><\/p>\n<\/div>\n<\/li>\n<li>\n<h2>T\u00e9l\u00e9phone<\/h2>\n<div>\n<p><a href=\"tel:0784688662\">07 84 68 86 62<\/a><\/p>\n<\/div>\n<\/li>\n<li>\n<h2>Sociale<\/h2>\n<div>\n<div uk-grid=\"\" class=\"uk-flex-center uk-flex-left@m uk-child-width-auto uk-grid-medium\">\n<div><a href=\"https:\/\/www.facebook.com\/profile.php?id=100089765813667\" target=\"_blank\" uk-icon=\"facebook\" rel=\"noopener\"><\/a><\/div>\n<div><a href=\"https:\/\/www.instagram.com\/otourduvelo\/\" target=\"_blank\" uk-icon=\"instagram\" rel=\"noopener\"><\/a><\/div>\n<div><a href=\"https:\/\/www.google.com\/maps\/place\/1+Rue+des+Tilleuls,+31240+L'Union\/@43.6580876,1.4719114,17z\/data=!3m1!4b1!4m6!3m5!1s0x12aea30f8d4e7b9b:0x4105185580fd4a2e!8m2!3d43.6580876!4d1.4719114!16s%2Fg%2F11c21kq38n\" target=\"_blank\" uk-icon=\"location\" rel=\"noopener\"><\/a><\/div>\n<\/div>\n<\/div>\n<\/li>\n<\/ul>\n<div>\n<p>43.6580826,1.4720486<\/p>\n<h3>O tour du v\u00e9lo<\/h3>\n<p>Atelier de v\u00e9lo<\/p>\n<\/div>\n<p><!--more--><br \/>\n<!-- {\"type\":\"layout\",\"children\":[{\"type\":\"section\",\"props\":{\"animation\":\"slide-left-small\",\"animation_delay\":\"50\",\"image_position\":\"center-center\",\"sticky\":\"\",\"style\":\"muted\",\"title\":\"\",\"title_breakpoint\":\"s\",\"title_position\":\"bottom-left\",\"title_rotation\":\"left\",\"vertical_align\":\"middle\",\"width\":\"default\"},\"children\":[{\"type\":\"row\",\"children\":[{\"type\":\"column\",\"props\":{\"image_position\":\"center-center\",\"media_overlay_gradient\":\"\",\"position_sticky_breakpoint\":\"m\",\"vertical_align\":\"middle\",\"width_large\":\"\",\"width_medium\":\"2-3\",\"width_small\":\"\"},\"children\":[{\"type\":\"headline\",\"props\":{\"content\":\"Prendre rendez-vous en ligne.\",\"title_element\":\"h2\",\"title_style\":\"text-lead\"}}]},{\"type\":\"column\",\"props\":{\"image_position\":\"center-center\",\"media_overlay_gradient\":\"\",\"position_sticky_breakpoint\":\"m\",\"vertical_align\":\"middle\",\"width_large\":\"\",\"width_medium\":\"1-3\",\"width_small\":\"\"},\"children\":[{\"type\":\"button\",\"props\":{\"button_size\":\"large\",\"grid_column_gap\":\"small\",\"grid_row_gap\":\"small\",\"margin\":\"default\",\"text_align\":\"right\",\"text_align_breakpoint\":\"m\",\"text_align_fallback\":\"center\"},\"children\":[{\"type\":\"button_item\",\"props\":{\"button_style\":\"secondary\",\"content\":\"Rendez-vous en ligne\",\"icon_align\":\"left\",\"link\":\"https:\\\/\\\/app.trouver-un-reparateur.fr\\\/\\\/reparateur\\\/1678190920135x647817777806292400\"}}]}]}],\"props\":{\"layout\":\"2-3,1-3\"}}],\"name\":\"RDV\"},{\"type\":\"section\",\"props\":{\"header_transparent_noplaceholder\":false,\"height\":\"full\",\"image\":\"wp-content\\\/uploads\\\/2023\\\/03\\\/bicycle-g525771c16_1920.jpg\",\"image_effect\":\"parallax\",\"image_loading\":true,\"image_parallax_bgy\":\"5vh,-5vh\",\"image_parallax_breakpoint\":\"s\",\"image_parallax_easing\":\"1\",\"image_position\":\"center-center\",\"image_size\":\"cover\",\"image_width\":\"2560\",\"style\":\"default\",\"title_breakpoint\":\"xl\",\"title_position\":\"top-left\",\"title_rotation\":\"left\",\"vertical_align\":\"middle\",\"width\":\"xlarge\"},\"children\":[{\"type\":\"row\",\"props\":{\"column_gap\":\"collapse\",\"layout\":\"1-2,1-2\",\"row_gap\":\"collapse\"},\"children\":[{\"type\":\"column\",\"props\":{\"image_position\":\"center-center\",\"media_overlay_gradient\":\"\",\"position_sticky_breakpoint\":\"m\",\"style\":\"default\",\"vertical_align\":\"middle\",\"width_large\":\"1-2\",\"width_medium\":\"\",\"width_small\":\"\"},\"children\":[{\"type\":\"image\",\"props\":{\"image\":\"wp-content\\\/uploads\\\/2023\\\/02\\\/Plan-de-travail-2LOGO@otourTRANSPARENT-1.png\",\"image_alt\":\"Logo de l'atelier de v\\u00e9lo \\\"O Tour du V\\u00e9lo\\\" \\u00e0 l'Union, Blanc\",\"image_height\":\"210\",\"image_loading\":true,\"image_svg_color\":\"emphasis\",\"image_svg_inline\":true,\"margin\":\"default\",\"text_align\":\"center\"}},{\"type\":\"grid\",\"props\":{\"block_align\":\"center\",\"block_align_fallback\":\"center\",\"content_column_breakpoint\":\"m\",\"content_margin\":\"small\",\"filter_align\":\"left\",\"filter_all\":true,\"filter_grid_breakpoint\":\"m\",\"filter_grid_width\":\"auto\",\"filter_position\":\"top\",\"filter_style\":\"tab\",\"grid_column_gap\":\"large\",\"grid_default\":\"1\",\"grid_medium\":\"\",\"grid_row_gap\":\"large\",\"grid_small\":\"2\",\"icon_width\":80,\"image_align\":\"top\",\"image_grid_breakpoint\":\"m\",\"image_grid_width\":\"1-2\",\"image_svg_color\":\"emphasis\",\"item_animation\":true,\"link_style\":\"default\",\"link_text\":\"\",\"margin\":\"xlarge\",\"margin_remove_bottom\":false,\"maxwidth\":\"large\",\"meta_align\":\"below-title\",\"meta_element\":\"div\",\"meta_style\":\"text-meta\",\"panel_link\":true,\"parallax_easing\":\"1\",\"show_content\":true,\"show_image\":true,\"show_link\":true,\"show_meta\":true,\"show_title\":true,\"text_align\":\"left\",\"text_align_breakpoint\":\"s\",\"text_align_fallback\":\"center\",\"title_align\":\"top\",\"title_element\":\"h2\",\"title_grid_breakpoint\":\"m\",\"title_grid_width\":\"1-2\",\"title_hover_style\":\"reset\",\"title_style\":\"h5\"},\"children\":[{\"type\":\"grid_item\",\"props\":{\"content\":\"\n\n<p>1 rue des Tilleuls<br \\\/>31240 L'Union<br \\\/>France<\\\/p>\",\"title\":\"Adresse\"}},{\"type\":\"grid_item\",\"props\":{\"content\":\"\n\n<p><a href=\\\"mailto:contact@test.otourduvelo.fr\\\">contact@test.otourduvelo.fr<\\\/a><\\\/p>\",\"link\":\"\",\"title\":\"E-Mail\"}},{\"type\":\"grid_item\",\"props\":{\"content\":\"\n\n<p><a href=\\\"tel:0784688662\\\">07 84 68 86 62<\\\/a><\\\/p>\",\"link\":\"\",\"title\":\"T\\u00e9l\\u00e9phone\"}},{\"type\":\"grid_item\",\"props\":{\"content\":\"\n\n<div uk-grid=\\\"\\\" class=\\\"uk-flex-center uk-flex-left@m uk-child-width-auto uk-grid-medium\\\">\\n\n\n<div><a href=\\\"https:\\\/\\\/www.facebook.com\\\/profile.php?id=100089765813667\\\" target=\\\"_blank\\\" uk-icon=\\\"facebook\\\" rel=\\\"noopener\\\"><\\\/a><\\\/div>\\n\n\n<div><a href=\\\"https:\\\/\\\/www.instagram.com\\\/otourduvelo\\\/\\\" target=\\\"_blank\\\" uk-icon=\\\"instagram\\\" rel=\\\"noopener\\\"><\\\/a><\\\/div>\\n\n\n<div><a href=\\\"https:\\\/\\\/www.google.com\\\/maps\\\/place\\\/1+Rue+des+Tilleuls,+31240+L'Union\\\/@43.6580876,1.4719114,17z\\\/data=!3m1!4b1!4m6!3m5!1s0x12aea30f8d4e7b9b:0x4105185580fd4a2e!8m2!3d43.6580876!4d1.4719114!16s%2Fg%2F11c21kq38n\\\" target=\\\"_blank\\\" uk-icon=\\\"location\\\" rel=\\\"noopener\\\"><\\\/a><\\\/div>\\n<\\\/div>\",\"title\":\"Sociale\"}}]}]},{\"type\":\"column\",\"props\":{\"image_position\":\"center-center\",\"media_overlay_gradient\":\"\",\"order_first\":\"m\",\"padding\":\"none\",\"position_sticky_breakpoint\":\"m\",\"style\":\"default\",\"width_large\":\"1-2\",\"width_medium\":\"\"},\"children\":[{\"type\":\"map\",\"props\":{\"controls\":true,\"dragging\":false,\"height\":\"750\",\"image_svg_color\":\"emphasis\",\"link_style\":\"default\",\"link_text\":\"Read more\",\"margin\":\"default\",\"max_zoom\":18,\"meta_align\":\"below-title\",\"meta_element\":\"div\",\"meta_style\":\"text-meta\",\"min_zoom\":0,\"poi\":false,\"popup_max_width\":\"\",\"show_content\":true,\"show_image\":true,\"show_link\":true,\"show_meta\":true,\"show_title\":true,\"styler_gamma\":\"\",\"styler_invert_lightness\":false,\"styler_lightness\":\"\",\"styler_saturation\":\"\",\"title_element\":\"h3\",\"title_hover_style\":\"reset\",\"type\":\"roadmap\",\"zoom\":\"12\",\"zooming\":true},\"children\":[{\"type\":\"map_item\",\"props\":{\"hide\":false,\"location\":\"43.6580826,1.4720486\",\"meta\":\"Atelier de v\\u00e9lo\",\"show_popup\":false,\"title\":\"O tour du v\\u00e9lo\"}}]}]}]}],\"name\":\"Contact\"}],\"version\":\"3.0.27\"} --><\/p>\n","protected":false},"excerpt":{"rendered":"<p>Prendre rendez-vous en ligne. Rendez-vous en ligne Adresse 1 rue des Tilleuls31240 L&rsquo;UnionFrance E-Mail contact@test.otourduvelo.fr T\u00e9l\u00e9phone 07 84 68 86 62 Sociale 43.6580826,1.4720486 O tour du v\u00e9lo Atelier de v\u00e9lo<\/p>\n","protected":false},"author":2,"featured_media":0,"parent":0,"menu_order":0,"comment_status":"closed","ping_status":"closed","template":"","meta":{"footnotes":""},"yoast_head":"<!-- This site is optimized with the Yoast SEO plugin v24.5 - https:\/\/yoast.com\/wordpress\/plugins\/seo\/ -->\n<title>Contact - O Tour du V\u00e9lo<\/title>\n<meta name=\"robots\" content=\"index, follow, max-snippet:-1, max-image-preview:large, max-video-preview:-1\" \/>\n<link rel=\"canonical\" href=\"https:\/\/test.otourduvelo.fr\/?page_id=21\" \/>\n<meta property=\"og:locale\" content=\"fr_FR\" \/>\n<meta property=\"og:type\" content=\"article\" \/>\n<meta property=\"og:title\" content=\"Contact - O Tour du V\u00e9lo\" \/>\n<meta property=\"og:description\" content=\"Prendre rendez-vous en ligne. Rendez-vous en ligne Adresse 1 rue des Tilleuls31240 L&rsquo;UnionFrance E-Mail contact@test.otourduvelo.fr T\u00e9l\u00e9phone 07 84 68 86 62 Sociale 43.6580826,1.4720486 O tour du v\u00e9lo Atelier de v\u00e9lo\" \/>\n<meta property=\"og:url\" content=\"https:\/\/test.otourduvelo.fr\/?page_id=21\" \/>\n<meta property=\"og:site_name\" content=\"O Tour du V\u00e9lo\" \/>\n<meta property=\"article:publisher\" content=\"https:\/\/www.facebook.com\/profile.php?id=100089765813667\" \/>\n<meta property=\"article:modified_time\" content=\"2023-04-18T16:27:26+00:00\" \/>\n<meta name=\"twitter:card\" content=\"summary_large_image\" \/>\n<script type=\"application\/ld+json\" class=\"yoast-schema-graph\">{\"@context\":\"https:\/\/schema.org\",\"@graph\":[{\"@type\":\"WebPage\",\"@id\":\"https:\/\/test.otourduvelo.fr\/?page_id=21\",\"url\":\"https:\/\/test.otourduvelo.fr\/?page_id=21\",\"name\":\"Contact - O Tour du V\u00e9lo\",\"isPartOf\":{\"@id\":\"https:\/\/test.otourduvelo.fr\/#website\"},\"datePublished\":\"2023-02-14T17:31:03+00:00\",\"dateModified\":\"2023-04-18T16:27:26+00:00\",\"breadcrumb\":{\"@id\":\"https:\/\/test.otourduvelo.fr\/?page_id=21#breadcrumb\"},\"inLanguage\":\"fr-FR\",\"potentialAction\":[{\"@type\":\"ReadAction\",\"target\":[\"https:\/\/test.otourduvelo.fr\/?page_id=21\"]}]},{\"@type\":\"BreadcrumbList\",\"@id\":\"https:\/\/test.otourduvelo.fr\/?page_id=21#breadcrumb\",\"itemListElement\":[{\"@type\":\"ListItem\",\"position\":1,\"name\":\"Accueil\",\"item\":\"https:\/\/test.otourduvelo.fr\/\"},{\"@type\":\"ListItem\",\"position\":2,\"name\":\"Contact\"}]},{\"@type\":\"WebSite\",\"@id\":\"https:\/\/test.otourduvelo.fr\/#website\",\"url\":\"https:\/\/test.otourduvelo.fr\/\",\"name\":\"O Tour du V\u00e9lo\",\"description\":\"Atelier de v\u00e9lo\",\"publisher\":{\"@id\":\"https:\/\/test.otourduvelo.fr\/#organization\"},\"potentialAction\":[{\"@type\":\"SearchAction\",\"target\":{\"@type\":\"EntryPoint\",\"urlTemplate\":\"https:\/\/test.otourduvelo.fr\/?s={search_term_string}\"},\"query-input\":{\"@type\":\"PropertyValueSpecification\",\"valueRequired\":true,\"valueName\":\"search_term_string\"}}],\"inLanguage\":\"fr-FR\"},{\"@type\":\"Organization\",\"@id\":\"https:\/\/test.otourduvelo.fr\/#organization\",\"name\":\"O Tour du V\u00e9lo\",\"url\":\"https:\/\/test.otourduvelo.fr\/\",\"logo\":{\"@type\":\"ImageObject\",\"inLanguage\":\"fr-FR\",\"@id\":\"https:\/\/test.otourduvelo.fr\/#\/schema\/logo\/image\/\",\"url\":\"https:\/\/test.otourduvelo.fr\/wp-content\/uploads\/2023\/03\/Plan-de-travail-1LOGO@otourTRANSPARENT.png\",\"contentUrl\":\"https:\/\/test.otourduvelo.fr\/wp-content\/uploads\/2023\/03\/Plan-de-travail-1LOGO@otourTRANSPARENT.png\",\"width\":2000,\"height\":1592,\"caption\":\"O Tour du V\u00e9lo\"},\"image\":{\"@id\":\"https:\/\/test.otourduvelo.fr\/#\/schema\/logo\/image\/\"},\"sameAs\":[\"https:\/\/www.facebook.com\/profile.php?id=100089765813667\"]}]}<\/script>\n<!-- \/ Yoast SEO plugin. -->","yoast_head_json":{"title":"Contact - O Tour du V\u00e9lo","robots":{"index":"index","follow":"follow","max-snippet":"max-snippet:-1","max-image-preview":"max-image-preview:large","max-video-preview":"max-video-preview:-1"},"canonical":"https:\/\/test.otourduvelo.fr\/?page_id=21","og_locale":"fr_FR","og_type":"article","og_title":"Contact - O Tour du V\u00e9lo","og_description":"Prendre rendez-vous en ligne. Rendez-vous en ligne Adresse 1 rue des Tilleuls31240 L&rsquo;UnionFrance E-Mail contact@test.otourduvelo.fr T\u00e9l\u00e9phone 07 84 68 86 62 Sociale 43.6580826,1.4720486 O tour du v\u00e9lo Atelier de v\u00e9lo","og_url":"https:\/\/test.otourduvelo.fr\/?page_id=21","og_site_name":"O Tour du V\u00e9lo","article_publisher":"https:\/\/www.facebook.com\/profile.php?id=100089765813667","article_modified_time":"2023-04-18T16:27:26+00:00","twitter_card":"summary_large_image","schema":{"@context":"https:\/\/schema.org","@graph":[{"@type":"WebPage","@id":"https:\/\/test.otourduvelo.fr\/?page_id=21","url":"https:\/\/test.otourduvelo.fr\/?page_id=21","name":"Contact - O Tour du V\u00e9lo","isPartOf":{"@id":"https:\/\/test.otourduvelo.fr\/#website"},"datePublished":"2023-02-14T17:31:03+00:00","dateModified":"2023-04-18T16:27:26+00:00","breadcrumb":{"@id":"https:\/\/test.otourduvelo.fr\/?page_id=21#breadcrumb"},"inLanguage":"fr-FR","potentialAction":[{"@type":"ReadAction","target":["https:\/\/test.otourduvelo.fr\/?page_id=21"]}]},{"@type":"BreadcrumbList","@id":"https:\/\/test.otourduvelo.fr\/?page_id=21#breadcrumb","itemListElement":[{"@type":"ListItem","position":1,"name":"Accueil","item":"https:\/\/test.otourduvelo.fr\/"},{"@type":"ListItem","position":2,"name":"Contact"}]},{"@type":"WebSite","@id":"https:\/\/test.otourduvelo.fr\/#website","url":"https:\/\/test.otourduvelo.fr\/","name":"O Tour du V\u00e9lo","description":"Atelier de v\u00e9lo","publisher":{"@id":"https:\/\/test.otourduvelo.fr\/#organization"},"potentialAction":[{"@type":"SearchAction","target":{"@type":"EntryPoint","urlTemplate":"https:\/\/test.otourduvelo.fr\/?s={search_term_string}"},"query-input":{"@type":"PropertyValueSpecification","valueRequired":true,"valueName":"search_term_string"}}],"inLanguage":"fr-FR"},{"@type":"Organization","@id":"https:\/\/test.otourduvelo.fr\/#organization","name":"O Tour du V\u00e9lo","url":"https:\/\/test.otourduvelo.fr\/","logo":{"@type":"ImageObject","inLanguage":"fr-FR","@id":"https:\/\/test.otourduvelo.fr\/#\/schema\/logo\/image\/","url":"https:\/\/test.otourduvelo.fr\/wp-content\/uploads\/2023\/03\/Plan-de-travail-1LOGO@otourTRANSPARENT.png","contentUrl":"https:\/\/test.otourduvelo.fr\/wp-content\/uploads\/2023\/03\/Plan-de-travail-1LOGO@otourTRANSPARENT.png","width":2000,"height":1592,"caption":"O Tour du V\u00e9lo"},"image":{"@id":"https:\/\/test.otourduvelo.fr\/#\/schema\/logo\/image\/"},"sameAs":["https:\/\/www.facebook.com\/profile.php?id=100089765813667"]}]}},"jetpack_sharing_enabled":true,"_links":{"self":[{"href":"https:\/\/test.otourduvelo.fr\/index.php?rest_route=\/wp\/v2\/pages\/21"}],"collection":[{"href":"https:\/\/test.otourduvelo.fr\/index.php?rest_route=\/wp\/v2\/pages"}],"about":[{"href":"https:\/\/test.otourduvelo.fr\/index.php?rest_route=\/wp\/v2\/types\/page"}],"author":[{"embeddable":true,"href":"https:\/\/test.otourduvelo.fr\/index.php?rest_route=\/wp\/v2\/users\/2"}],"replies":[{"embeddable":true,"href":"https:\/\/test.otourduvelo.fr\/index.php?rest_route=%2Fwp%2Fv2%2Fcomments&post=21"}],"version-history":[{"count":38,"href":"https:\/\/test.otourduvelo.fr\/index.php?rest_route=\/wp\/v2\/pages\/21\/revisions"}],"predecessor-version":[{"id":871,"href":"https:\/\/test.otourduvelo.fr\/index.php?rest_route=\/wp\/v2\/pages\/21\/revisions\/871"}],"wp:attachment":[{"href":"https:\/\/test.otourduvelo.fr\/index.php?rest_route=%2Fwp%2Fv2%2Fmedia&parent=21"}],"curies":[{"name":"wp","href":"https:\/\/api.w.org\/{rel}","templated":true}]}}